{"id":523,"date":"2021-03-23T12:43:54","date_gmt":"2021-03-23T12:43:54","guid":{"rendered":"https:\/\/www.isv-berlin.com\/?page_id=523"},"modified":"2021-03-24T13:30:41","modified_gmt":"2021-03-24T13:30:41","slug":"kontakt","status":"publish","type":"page","link":"https:\/\/www.isv-berlin.com\/index.php\/kontakt\/","title":{"rendered":"Kontakt"},"content":{"rendered":"\t\t<div data-elementor-type=\"wp-page\" data-elementor-id=\"523\" class=\"elementor elementor-523\" data-elementor-settings=\"[]\">\n\t\t\t\t\t\t\t<div class=\"elementor-section-wrap\">\n\t\t\t\t\t\t\t<section class=\"elementor-section elementor-top-section elementor-element elementor-element-82fd534 elementor-section-boxed elementor-section-height-default elementor-section-height-default\" data-id=\"82fd534\" data-element_type=\"section\">\n\t\t\t\t\t\t<div class=\"elementor-container elementor-column-gap-default\">\n\t\t\t\t\t<div class=\"elementor-column elementor-col-33 elementor-top-column elementor-element elementor-element-2c7383c\" data-id=\"2c7383c\" data-element_type=\"column\">\n\t\t\t<div class=\"elementor-widget-wrap elementor-element-populated\">\n\t\t\t\t\t\t\t\t<div class=\"elementor-element elementor-element-6e315a8 elementor-widget elementor-widget-text-editor\" data-id=\"6e315a8\" data-element_type=\"widget\" data-widget_type=\"text-editor.default\">\n\t\t\t\t<div class=\"elementor-widget-container\">\n\t\t\t\t\t<div class=\"elementor-text-editor elementor-clearfix\"><h4>Kontaktieren Sie uns gerne:<\/h4>\n<h6>Ing.-&amp; Sachverst\u00e4ndigenb\u00fcro ISV GmbH<br>Hauptstra\u00dfe 56<br>10827 Berlin<\/h6>\n<h6>Tel: 030\/216 76 00<br>Fax: 030\/ 215 53 13<br>Mobil: 0177 415 18 26<br>E-Mail: m-elitok@isv-berlin.com<\/h6>\n<div>\n<h4>Unsere \u00d6ffnungszeiten:<\/h4>\n<h6>Montag \u2013 Freitag 9:30 \u2013 19:30 Uhr\n<p>Samstag 10:00 \u2013 16:00 Uhr<\/p><\/h6>\n<\/div>\n<h6>&nbsp;<\/h6><\/div>\n\t\t\t\t<\/div>\n\t\t\t\t<\/div>\n\t\t\t\t\t<\/div>\n\t\t<\/div>\n\t\t\t\t<div class=\"elementor-column elementor-col-66 elementor-top-column elementor-element elementor-element-c89b91e\" data-id=\"c89b91e\" data-element_type=\"column\">\n\t\t\t<div class=\"elementor-widget-wrap elementor-element-populated\">\n\t\t\t\t\t\t\t\t<div class=\"elementor-element elementor-element-c8924d2 elementor-widget elementor-widget-google_maps\" data-id=\"c8924d2\" data-element_type=\"widget\" data-widget_type=\"google_maps.default\">\n\t\t\t\t<div class=\"elementor-widget-container\">\n\t\t\t<div class=\"elementor-custom-embed\"><iframe frameborder=\"0\" scrolling=\"no\" marginheight=\"0\" marginwidth=\"0\" src=\"https:\/\/maps.google.com\/maps?q=Hauptstra%C3%9Fe%2056%2010&amp;t=m&amp;z=10&amp;output=embed&amp;iwloc=near\" title=\"Hauptstra\u00dfe 56 10\" aria-label=\"Hauptstra\u00dfe 56 10\"><\/iframe><\/div>\t\t<\/div>\n\t\t\t\t<\/div>\n\t\t\t\t\t<\/div>\n\t\t<\/div>\n\t\t\t\t\t\t\t<\/div>\n\t\t<\/section>\n\t\t\t\t\t\t<\/div>\n\t\t\t\t\t<\/div>\n\t\t","protected":false},"excerpt":{"rendered":"<p>Kontaktieren Sie uns gerne: Ing.-&amp; Sachverst\u00e4ndigenb\u00fcro ISV GmbH Hauptstra\u00dfe 56 10827 Berlin Tel: 030\/216 76 00 Fax: 030\/ 215 53 13 Mobil: 0177 415 18 26 E-Mail: m-elitok@isv-berlin.com Unsere \u00d6ffnungszeiten: Montag \u2013 Freitag 9:30 \u2013 19:30 Uhr Samstag 10:00 \u2013 16:00 Uhr<\/p>\n","protected":false},"author":1,"featured_media":263,"parent":0,"menu_order":0,"comment_status":"closed","ping_status":"closed","template":"","meta":{"_ti_tpc_template_sync":false,"_ti_tpc_template_id":"","footnotes":""},"class_list":["post-523","page","type-page","status-publish","has-post-thumbnail","hentry"],"_links":{"self":[{"href":"https:\/\/www.isv-berlin.com\/index.php\/wp-json\/wp\/v2\/pages\/523","targetHints":{"allow":["GET"]}}],"collection":[{"href":"https:\/\/www.isv-berlin.com\/index.php\/wp-json\/wp\/v2\/pages"}],"about":[{"href":"https:\/\/www.isv-berlin.com\/index.php\/wp-json\/wp\/v2\/types\/page"}],"author":[{"embeddable":true,"href":"https:\/\/www.isv-berlin.com\/index.php\/wp-json\/wp\/v2\/users\/1"}],"replies":[{"embeddable":true,"href":"https:\/\/www.isv-berlin.com\/index.php\/wp-json\/wp\/v2\/comments?post=523"}],"version-history":[{"count":13,"href":"https:\/\/www.isv-berlin.com\/index.php\/wp-json\/wp\/v2\/pages\/523\/revisions"}],"predecessor-version":[{"id":591,"href":"https:\/\/www.isv-berlin.com\/index.php\/wp-json\/wp\/v2\/pages\/523\/revisions\/591"}],"wp:featuredmedia":[{"embeddable":true,"href":"https:\/\/www.isv-berlin.com\/index.php\/wp-json\/wp\/v2\/media\/263"}],"wp:attachment":[{"href":"https:\/\/www.isv-berlin.com\/index.php\/wp-json\/wp\/v2\/media?parent=523"}],"curies":[{"name":"wp","href":"https:\/\/api.w.org\/{rel}","templated":true}]}}