{"id":413,"date":"2021-03-18T17:59:55","date_gmt":"2021-03-18T17:59:55","guid":{"rendered":"https:\/\/www.isv-berlin.com\/?page_id=413"},"modified":"2021-03-24T13:43:03","modified_gmt":"2021-03-24T13:43:03","slug":"ihre-rechte","status":"publish","type":"page","link":"https:\/\/www.isv-berlin.com\/index.php\/ihre-rechte\/","title":{"rendered":"Ihre Rechte"},"content":{"rendered":"\t\t<div data-elementor-type=\"wp-page\" data-elementor-id=\"413\" class=\"elementor elementor-413\" data-elementor-settings=\"[]\">\n\t\t\t\t\t\t\t<div class=\"elementor-section-wrap\">\n\t\t\t\t\t\t\t<section class=\"elementor-section elementor-top-section elementor-element elementor-element-454884f7 elementor-section-boxed elementor-section-height-default elementor-section-height-default\" data-id=\"454884f7\" data-element_type=\"section\">\n\t\t\t\t\t\t<div class=\"elementor-container elementor-column-gap-default\">\n\t\t\t\t\t<div class=\"elementor-column elementor-col-100 elementor-top-column elementor-element elementor-element-1b411f09\" data-id=\"1b411f09\" data-element_type=\"column\">\n\t\t\t<div class=\"elementor-widget-wrap elementor-element-populated\">\n\t\t\t\t\t\t\t\t<div class=\"elementor-element elementor-element-2a0c8f2a elementor-widget elementor-widget-text-editor\" data-id=\"2a0c8f2a\" data-element_type=\"widget\" data-widget_type=\"text-editor.default\">\n\t\t\t\t<div class=\"elementor-widget-container\">\n\t\t\t\t\t<div class=\"elementor-text-editor elementor-clearfix\"><ul><li><strong>Sofern Sie unverschuldet mit Ihrem Fahrzeug in einen Verkehrsunfall verwickelt wurden, haben Sie als Unfallgesch\u00e4digter folgende Rechte:<\/strong><\/li><li><h4>Ihnen als dem Gesch\u00e4digten steht es grunds\u00e4tzlich frei, einen Sachverst\u00e4ndigen Ihrer Wahl zur Beweissicherung und Feststellung von Schadenumfang und Schadenh\u00f6he zu \u00a0\u00a0\u00a0\u00a0\u00a0\u00a0\u00a0\u00a0\u00a0\u00a0\u00a0 beauftragen. Das gilt selbst dann, wenn die Versicherung ohne Zustimmung von Ihnen als Gesch\u00e4digtem bereits einen Sachverst\u00e4ndigen bestellt hat oder schickt. Die Kosten f\u00fcr das Sachverst\u00e4ndigengutachten sind mit Ausnahme von sog. Bagatellsch\u00e4den erstattungspflichtig.<\/h4><\/li><li><h4>Nur die vollst\u00e4ndige Beweissicherung \u00fcber Schadenumfang und Schadenh\u00f6he gew\u00e4hrleistet, dass Ihnen als dem Gesch\u00e4digten die Ihnen zustehenden Schadenersatzanspr\u00fcche in vollem Umfang erstattet werden. Die Beweissicherung \u00fcber die Schadenh\u00f6he gew\u00e4hrleistet auch, dass der Unfallschaden vollst\u00e4ndig erkannt und ggf. beseitigt werden kann.<\/h4><\/li><li><h4>Die Beweissicherung \u00fcber Schadenart und Umfang wird in vielen F\u00e4llen auch dann ben\u00f6tigt, wenn es sp\u00e4ter Streit \u00fcber den Schadenhergang oder \u00c4rger \u00fcber die \u00a0\u00a0\u00a0\u00a0\u00a0\u00a0\u00a0\u00a0\u00a0\u00a0 Reparaturdurchf\u00fchrung gibt.<\/h4><\/li><li><h4>Die H\u00f6he eines eventuellen Wertminderungsanspruches kann in der Regel erst durch ein Gutachten belegt werden. Ohne unabh\u00e4ngigen Kfz-Sachverst\u00e4ndigen verzichten Sie als gesch\u00e4digter Autofahrer h\u00e4ufig auf Wertminderung bis zu mehreren tausend Euro.<\/h4><\/li><li><h4>Mit Hilfe des Gutachtens kann die unfallbedingte Ausfallzeit des Fahrzeuges festgestellt werden, so dass Ersatzanspr\u00fcche bez\u00fcglich Mietwagen oder Nutzungsausfall-Entsch\u00e4digung besser belegt werden k\u00f6nnen.<\/h4><\/li><li><h4>Sie haben das Recht, Ihr Fahrzeug in einer von Ihnen ausgew\u00e4hlten Werkstatt Ihres Vertrauens reparieren zu lassen.<\/h4><\/li><\/ul><h4><strong>Ihnen als dem Gesch\u00e4digten steht es frei, sich die Reparaturkosten vom Unfallgegner auf der Basis eines von Ihnen vorgelegten Schadengutachtens erstatten zu lassen (fiktive\u00a0\u00a0\u00a0\u00a0\u00a0\u00a0\u00a0\u00a0\u00a0 Abrechnung).<\/strong><\/h4><h4><strong>Selbst wenn Sie als Gesch\u00e4digter eine Reparatur in einer Fachwerkstatt ausf\u00fchren lassen, sind Sie nicht verpflichtet, zur Abrechnung des Unfallschadens die Reparaturkostenrechnung vorzulegen (s. Urteil des BGH vom 06.04.1993, Az: VI ZR 181\/92).<\/strong><\/h4><ul><li><h4>Ben\u00f6tigen Sie keinen Mietwagen und Ihr Fahrzeug steht Ihnen unfallbedingt nicht zur Verf\u00fcgung, k\u00f6nnen Sie statt eines Mietwagens Nutzungsausfall-Entsch\u00e4digung verlangen. Die H\u00f6he richtet sich nach dem jeweiligen Fahrzeugtyp. Die Eingruppierung des Fahrzeuges, nach der sich die H\u00f6he des Nutzungsausfalles richtet, kann durch einen Kfz-Sachverst\u00e4ndigen vorgenommen werden.<\/h4><\/li><\/ul><h4><strong>Wenn Sie einen Mietwagen anstatt Nutzungsausfall-Entsch\u00e4digung beanspruchen, darf das Ersatzfahrzeug nicht zu einer h\u00f6heren Typklasse geh\u00f6ren als das eigene Fahrzeug.<\/strong><\/h4><ul><li><h4>Einw\u00e4nde des Sch\u00e4digers, z. B. \u00fcber nur geringe Schadenh\u00f6he oder Vor- und Altsch\u00e4den k\u00f6nnen durch ein Gutachten entkr\u00e4ftet werden.<\/h4><\/li><li><h4>Beim Verkauf eines instand gesetzten Fahrzeuges ist die Tatsache eines Unfalles im Regelfall offenbarungspflichtig. Durch das Schadengutachten nebst Lichtbildern kann einem eventuellen Kaufinteressenten der genaue Schadenumfang belegt werden.<\/h4><\/li><li><h4>Als Unfallgesch\u00e4digter k\u00f6nnen Sie bei der Versicherung des Unfallverursachers k\u00f6rperliche und psychische Sch\u00e4den genauso geltend machen wie beim Unfall besch\u00e4digtes Gep\u00e4ck oder Kleidungsst\u00fccke.<\/h4><\/li><li><h4>Die mit der Schadenregulierung verbundenen Telefon-, Porto- oder Kopierkosten sind pauschal erstattungsf\u00e4hig.<\/h4><\/li><li><h4>Zur Durchsetzung Ihrer Anspr\u00fcche k\u00f6nnen Sie als der Gesch\u00e4digte einen Rechtsanwalt Ihres Vertrauens beauftragen &#8211; die Kosten hierf\u00fcr hat die Versicherung des Sch\u00e4digers grunds\u00e4tzlich zu tragen.<\/h4><\/li><li><h4>Seien Sie stets skeptisch, wenn Ihnen insbesondere von der Haftpflichtversicherung des Unfallgegners die gesamte Abwicklung des Schadens angeboten wird. Bei dieser \u00a0\u00a0\u00a0\u00a0\u00a0\u00a0\u00a0\u00a0\u00a0\u00a0\u00a0 Schadensteuerung besteht vielfach das Risiko, dass der Schaden auch gegen Ihre Interessen beseitigt wird, so, wie es nur die Versicherung f\u00fcr richtig h\u00e4lt. Durch dieses sog. Schadenmanagement werden Ihre unabh\u00e4ngigen Berater (Rechtsanw\u00e4lte und Kfz-Sachverst\u00e4ndige) h\u00e4ufig ausgeschaltet, letztlich zum Nachteil von Ihnen, dem Gesch\u00e4digten.<\/h4><\/li><\/ul><h4><strong>So hat auch der Verkehrsgerichtstag 1999 in Goslar Schadenmanagement durch \u00a0 Versicherer eindeutig abgelehnt.<\/strong><\/h4><ol><li><h4>Nutzen Sie die Ihnen zustehenden Rechte in Ihrem eigenen Interesse und im Interesse Ihres Geldbeutels, und achten Sie nicht nur auf eine schnelle, sondern auch eine vollst\u00e4ndige Schadenregulierung. Schalten Sie bei einem Unfall einen Rechtsanwalt Ihres Vertrauens ein.<\/h4><\/li><\/ol><\/div>\n\t\t\t\t<\/div>\n\t\t\t\t<\/div>\n\t\t\t\t\t<\/div>\n\t\t<\/div>\n\t\t\t\t\t\t\t<\/div>\n\t\t<\/section>\n\t\t\t\t<section class=\"elementor-section elementor-top-section elementor-element elementor-element-e39dd4c elementor-section-boxed elementor-section-height-default elementor-section-height-default\" data-id=\"e39dd4c\" data-element_type=\"section\">\n\t\t\t\t\t\t<div class=\"elementor-container elementor-column-gap-default\">\n\t\t\t\t\t<div class=\"elementor-column elementor-col-100 elementor-top-column elementor-element elementor-element-9671f4e\" data-id=\"9671f4e\" data-element_type=\"column\">\n\t\t\t<div class=\"elementor-widget-wrap elementor-element-populated\">\n\t\t\t\t\t\t\t\t<div class=\"elementor-element elementor-element-2979d61 elementor-widget elementor-widget-spacer\" data-id=\"2979d61\" data-element_type=\"widget\" data-widget_type=\"spacer.default\">\n\t\t\t\t<div class=\"elementor-widget-container\">\n\t\t\t\t\t<div class=\"elementor-spacer\">\n\t\t\t<div class=\"elementor-spacer-inner\"><\/div>\n\t\t<\/div>\n\t\t\t\t<\/div>\n\t\t\t\t<\/div>\n\t\t\t\t\t<\/div>\n\t\t<\/div>\n\t\t\t\t\t\t\t<\/div>\n\t\t<\/section>\n\t\t\t\t<section class=\"elementor-section elementor-top-section elementor-element elementor-element-85b2af9 elementor-section-boxed elementor-section-height-default elementor-section-height-default\" data-id=\"85b2af9\" data-element_type=\"section\">\n\t\t\t\t\t\t<div class=\"elementor-container elementor-column-gap-default\">\n\t\t\t\t\t<div class=\"elementor-column elementor-col-25 elementor-top-column elementor-element elementor-element-971ad5f\" data-id=\"971ad5f\" data-element_type=\"column\">\n\t\t\t<div class=\"elementor-widget-wrap elementor-element-populated\">\n\t\t\t\t\t\t\t\t<div class=\"elementor-element elementor-element-efec097 elementor-widget elementor-widget-text-editor\" data-id=\"efec097\" data-element_type=\"widget\" data-widget_type=\"text-editor.default\">\n\t\t\t\t<div class=\"elementor-widget-container\">\n\t\t\t\t\t<div class=\"elementor-text-editor elementor-clearfix\"><h4>Sie haben noch Fragen?<\/h4><\/div>\n\t\t\t\t<\/div>\n\t\t\t\t<\/div>\n\t\t\t\t\t<\/div>\n\t\t<\/div>\n\t\t\t\t<div class=\"elementor-column elementor-col-25 elementor-top-column elementor-element elementor-element-e4d466f\" data-id=\"e4d466f\" data-element_type=\"column\">\n\t\t\t<div class=\"elementor-widget-wrap elementor-element-populated\">\n\t\t\t\t\t\t\t\t<div class=\"elementor-element elementor-element-526421e elementor-align-center elementor-widget elementor-widget-button\" data-id=\"526421e\" data-element_type=\"widget\" data-widget_type=\"button.default\">\n\t\t\t\t<div class=\"elementor-widget-container\">\n\t\t\t\t\t<div class=\"elementor-button-wrapper\">\n\t\t\t<a href=\"#\" class=\"elementor-button-link elementor-button elementor-size-sm\" role=\"button\">\n\t\t\t\t\t\t<span class=\"elementor-button-content-wrapper\">\n\t\t\t\t\t\t<span class=\"elementor-button-icon elementor-align-icon-left\">\n\t\t\t\t<i aria-hidden=\"true\" class=\"fas fa-phone-alt\"><\/i>\t\t\t<\/span>\n\t\t\t\t\t\t<span class=\"elementor-button-text\">Kontakt<\/span>\n\t\t<\/span>\n\t\t\t\t\t<\/a>\n\t\t<\/div>\n\t\t\t\t<\/div>\n\t\t\t\t<\/div>\n\t\t\t\t\t<\/div>\n\t\t<\/div>\n\t\t\t\t<div class=\"elementor-column elementor-col-50 elementor-top-column elementor-element elementor-element-4ec60b6\" data-id=\"4ec60b6\" data-element_type=\"column\">\n\t\t\t<div class=\"elementor-widget-wrap elementor-element-populated\">\n\t\t\t\t\t\t\t\t<div class=\"elementor-element elementor-element-20f06d3 elementor-widget elementor-widget-image\" data-id=\"20f06d3\" data-element_type=\"widget\" data-widget_type=\"image.default\">\n\t\t\t\t<div class=\"elementor-widget-container\">\n\t\t\t\t\t<div class=\"elementor-image\">\n\t\t\t\t\t\t\t\t\t\t<img loading=\"lazy\" decoding=\"async\" width=\"359\" height=\"240\" src=\"https:\/\/www.isv-berlin.com\/wp-content\/uploads\/2021\/03\/WhatsApp-Image-2021-03-19-at-10.56.19-1.jpeg\" class=\"attachment-large size-large\" alt=\"\" srcset=\"https:\/\/www.isv-berlin.com\/wp-content\/uploads\/2021\/03\/WhatsApp-Image-2021-03-19-at-10.56.19-1.jpeg 359w, https:\/\/www.isv-berlin.com\/wp-content\/uploads\/2021\/03\/WhatsApp-Image-2021-03-19-at-10.56.19-1-300x201.jpeg 300w\" sizes=\"auto, (max-width: 359px) 100vw, 359px\" \/>\t\t\t\t\t\t\t\t\t\t\t<\/div>\n\t\t\t\t<\/div>\n\t\t\t\t<\/div>\n\t\t\t\t\t<\/div>\n\t\t<\/div>\n\t\t\t\t\t\t\t<\/div>\n\t\t<\/section>\n\t\t\t\t\t\t<\/div>\n\t\t\t\t\t<\/div>\n\t\t","protected":false},"excerpt":{"rendered":"<p>Sofern Sie unverschuldet mit Ihrem Fahrzeug in einen Verkehrsunfall verwickelt wurden, haben Sie als Unfallgesch\u00e4digter folgende Rechte: &nbsp; Ihnen als dem Gesch\u00e4digten steht es grunds\u00e4tzlich frei, einen Sachverst\u00e4ndigen Ihrer Wahl zur Beweissicherung und Feststellung von Schadenumfang und Schadenh\u00f6he zu \u00a0\u00a0\u00a0\u00a0\u00a0\u00a0\u00a0\u00a0\u00a0\u00a0\u00a0 beauftragen. Das gilt selbst dann, wenn die Versicherung ohne Zustimmung von Ihnen als Gesch\u00e4digtem bereits&hellip; <br \/> <a class=\"read-more\" href=\"https:\/\/www.isv-berlin.com\/index.php\/ihre-rechte\/\">Weiterlesen<\/a><\/p>\n","protected":false},"author":1,"featured_media":263,"parent":0,"menu_order":0,"comment_status":"closed","ping_status":"closed","template":"","meta":{"_ti_tpc_template_sync":false,"_ti_tpc_template_id":"","footnotes":""},"class_list":["post-413","page","type-page","status-publish","has-post-thumbnail","hentry"],"_links":{"self":[{"href":"https:\/\/www.isv-berlin.com\/index.php\/wp-json\/wp\/v2\/pages\/413","targetHints":{"allow":["GET"]}}],"collection":[{"href":"https:\/\/www.isv-berlin.com\/index.php\/wp-json\/wp\/v2\/pages"}],"about":[{"href":"https:\/\/www.isv-berlin.com\/index.php\/wp-json\/wp\/v2\/types\/page"}],"author":[{"embeddable":true,"href":"https:\/\/www.isv-berlin.com\/index.php\/wp-json\/wp\/v2\/users\/1"}],"replies":[{"embeddable":true,"href":"https:\/\/www.isv-berlin.com\/index.php\/wp-json\/wp\/v2\/comments?post=413"}],"version-history":[{"count":7,"href":"https:\/\/www.isv-berlin.com\/index.php\/wp-json\/wp\/v2\/pages\/413\/revisions"}],"predecessor-version":[{"id":596,"href":"https:\/\/www.isv-berlin.com\/index.php\/wp-json\/wp\/v2\/pages\/413\/revisions\/596"}],"wp:featuredmedia":[{"embeddable":true,"href":"https:\/\/www.isv-berlin.com\/index.php\/wp-json\/wp\/v2\/media\/263"}],"wp:attachment":[{"href":"https:\/\/www.isv-berlin.com\/index.php\/wp-json\/wp\/v2\/media?parent=413"}],"curies":[{"name":"wp","href":"https:\/\/api.w.org\/{rel}","templated":true}]}}