{"id":409,"date":"2021-03-18T18:00:07","date_gmt":"2021-03-18T18:00:07","guid":{"rendered":"https:\/\/www.isv-berlin.com\/?page_id=409"},"modified":"2021-03-23T12:56:38","modified_gmt":"2021-03-23T12:56:38","slug":"dienstleistungen","status":"publish","type":"page","link":"https:\/\/www.isv-berlin.com\/index.php\/dienstleistungen\/","title":{"rendered":"Dienstleistungen"},"content":{"rendered":"\t\t<div data-elementor-type=\"wp-page\" data-elementor-id=\"409\" class=\"elementor elementor-409\" data-elementor-settings=\"[]\">\n\t\t\t\t\t\t\t<div class=\"elementor-section-wrap\">\n\t\t\t\t\t\t\t<section class=\"elementor-section elementor-top-section elementor-element elementor-element-52b1277d elementor-section-boxed elementor-section-height-default elementor-section-height-default\" data-id=\"52b1277d\" data-element_type=\"section\">\n\t\t\t\t\t\t<div class=\"elementor-container elementor-column-gap-default\">\n\t\t\t\t\t<div class=\"elementor-column elementor-col-100 elementor-top-column elementor-element elementor-element-15037194\" data-id=\"15037194\" data-element_type=\"column\">\n\t\t\t<div class=\"elementor-widget-wrap elementor-element-populated\">\n\t\t\t\t\t\t\t\t<div class=\"elementor-element elementor-element-1bdb0d32 elementor-widget elementor-widget-text-editor\" data-id=\"1bdb0d32\" data-element_type=\"widget\" data-widget_type=\"text-editor.default\">\n\t\t\t\t<div class=\"elementor-widget-container\">\n\t\t\t\t\t<div class=\"elementor-text-editor elementor-clearfix\"><h4><strong>Unsere Mitarbeiter von spezialisierten Sachverst\u00e4ndigen begutachten und bewerten f\u00fcr Sie das komplette Fahrzeugsortiment:<\/strong><\/h4><ul><li><h6>Personenkraftwagen (Pkw) aller Art<\/h6><\/li><li><h6>Lastkraftwagen (LKW) aller Art<\/h6><\/li><li><h6>Transporter<\/h6><\/li><li><h6>Busse<\/h6><\/li><li><h6>Wohnmobile<\/h6><\/li><li><h6>Oldtimer<\/h6><\/li><li><h6>Motorr\u00e4der bzw motorisierte Zweir\u00e4der aller Art<\/h6><\/li><\/ul><h4>Au\u00dferdem bieten wir Ihnen folgende Diesntleistungen:<\/h4><ul><li><h6>Erstellung von Gutachten f\u00fcr Kfz-Sch\u00e4den &#8211; <strong>Ohne Vorauszahlung<\/strong><\/h6><\/li><\/ul><h4>Abrechnung direkt mit der Versicherung<\/h4><ul><li><h6>Erstellung von Fahrzeugbewertungen<\/h6><\/li><li><h6><strong>Vor-Ort-Service<\/strong> &#8211; Fahrzeugbesichtigung direkt am Unfallort<\/h6><\/li><li><h6><strong>Beweissicherung<\/strong> &#8211; falls die Rechtslage nicht eindeutig ist, erstellen wir f\u00fcr Sie ein Beweissicherungs-Gutachten<\/h6><\/li><li><h6><strong>Rechtsberatung<\/strong> &#8211; mit unserem Kooperationspartner &#8211; eine auf Verkehrsrecht spezialisierte Rechtsanwaltskanzlei &#8211; k\u00f6nnen wir f\u00fcr Sie alle rechtlichen Fragen beantworten<\/h6><\/li><li><h6><strong>Reparaturbest\u00e4tigung<\/strong> &#8211; Nach einem Unfall ist es sehr wichtig, das Fahrzeug wieder zu reparieren und auch zu dokumentieren. Wir k\u00f6nnen Ihr repariertes Fahrzeug nachbesichtigen<\/h6><\/li><\/ul><pre>\u00a0<\/pre><\/div>\n\t\t\t\t<\/div>\n\t\t\t\t<\/div>\n\t\t\t\t\t<\/div>\n\t\t<\/div>\n\t\t\t\t\t\t\t<\/div>\n\t\t<\/section>\n\t\t\t\t<section class=\"elementor-section elementor-top-section elementor-element elementor-element-2291055 elementor-section-boxed elementor-section-height-default elementor-section-height-default\" data-id=\"2291055\" data-element_type=\"section\">\n\t\t\t\t\t\t<div class=\"elementor-container elementor-column-gap-default\">\n\t\t\t\t\t<div class=\"elementor-column elementor-col-50 elementor-top-column elementor-element elementor-element-850ccae\" data-id=\"850ccae\" data-element_type=\"column\">\n\t\t\t<div class=\"elementor-widget-wrap elementor-element-populated\">\n\t\t\t\t\t\t\t\t<div class=\"elementor-element elementor-element-ac8461f elementor-widget elementor-widget-image\" data-id=\"ac8461f\" data-element_type=\"widget\" data-widget_type=\"image.default\">\n\t\t\t\t<div class=\"elementor-widget-container\">\n\t\t\t\t\t<div class=\"elementor-image\">\n\t\t\t\t\t\t\t\t\t\t<img loading=\"lazy\" decoding=\"async\" width=\"1024\" height=\"683\" src=\"https:\/\/www.isv-berlin.com\/wp-content\/uploads\/2021\/03\/WhatsApp-Image-2021-03-19-at-10.56.19-3.jpeg\" class=\"attachment-large size-large\" alt=\"\" srcset=\"https:\/\/www.isv-berlin.com\/wp-content\/uploads\/2021\/03\/WhatsApp-Image-2021-03-19-at-10.56.19-3.jpeg 1024w, https:\/\/www.isv-berlin.com\/wp-content\/uploads\/2021\/03\/WhatsApp-Image-2021-03-19-at-10.56.19-3-300x200.jpeg 300w, https:\/\/www.isv-berlin.com\/wp-content\/uploads\/2021\/03\/WhatsApp-Image-2021-03-19-at-10.56.19-3-768x512.jpeg 768w\" sizes=\"auto, (max-width: 1024px) 100vw, 1024px\" \/>\t\t\t\t\t\t\t\t\t\t\t<\/div>\n\t\t\t\t<\/div>\n\t\t\t\t<\/div>\n\t\t\t\t\t<\/div>\n\t\t<\/div>\n\t\t\t\t<div class=\"elementor-column elementor-col-50 elementor-top-column elementor-element elementor-element-abe66f4\" data-id=\"abe66f4\" data-element_type=\"column\">\n\t\t\t<div class=\"elementor-widget-wrap elementor-element-populated\">\n\t\t\t\t\t\t\t\t<div class=\"elementor-element elementor-element-14b2a47 elementor-widget elementor-widget-image\" data-id=\"14b2a47\" data-element_type=\"widget\" data-widget_type=\"image.default\">\n\t\t\t\t<div class=\"elementor-widget-container\">\n\t\t\t\t\t<div class=\"elementor-image\">\n\t\t\t\t\t\t\t\t\t\t<img loading=\"lazy\" decoding=\"async\" width=\"1024\" height=\"683\" src=\"https:\/\/www.isv-berlin.com\/wp-content\/uploads\/2021\/03\/WhatsApp-Image-2021-03-19-at-10.56.19-2.jpeg\" class=\"attachment-large size-large\" alt=\"\" srcset=\"https:\/\/www.isv-berlin.com\/wp-content\/uploads\/2021\/03\/WhatsApp-Image-2021-03-19-at-10.56.19-2.jpeg 1024w, https:\/\/www.isv-berlin.com\/wp-content\/uploads\/2021\/03\/WhatsApp-Image-2021-03-19-at-10.56.19-2-300x200.jpeg 300w, https:\/\/www.isv-berlin.com\/wp-content\/uploads\/2021\/03\/WhatsApp-Image-2021-03-19-at-10.56.19-2-768x512.jpeg 768w\" sizes=\"auto, (max-width: 1024px) 100vw, 1024px\" \/>\t\t\t\t\t\t\t\t\t\t\t<\/div>\n\t\t\t\t<\/div>\n\t\t\t\t<\/div>\n\t\t\t\t\t<\/div>\n\t\t<\/div>\n\t\t\t\t\t\t\t<\/div>\n\t\t<\/section>\n\t\t\t\t\t\t<\/div>\n\t\t\t\t\t<\/div>\n\t\t","protected":false},"excerpt":{"rendered":"<p>Unsere Mitarbeiter von spezialisierten Sachverst\u00e4ndigen begutachten und bewerten f\u00fcr Sie das komplette Fahrzeugsortiment: Personenkraftwagen (Pkw) aller Art Lastkraftwagen (LKW) aller Art Transporter Busse Wohnmobile Oldtimer Motorr\u00e4der bzw motorisierte Zweir\u00e4der aller Art Au\u00dferdem bieten wir Ihnen folgende Diesntleistungen: Erstellung von Gutachten f\u00fcr Kfz-Sch\u00e4den &#8211; Ohne Vorauszahlung Abrechnung direkt mit der Versicherung Erstellung von Fahrzeugbewertungen Vor-Ort-Service &#8211;&hellip; <br \/> <a class=\"read-more\" href=\"https:\/\/www.isv-berlin.com\/index.php\/dienstleistungen\/\">Weiterlesen<\/a><\/p>\n","protected":false},"author":1,"featured_media":263,"parent":0,"menu_order":0,"comment_status":"closed","ping_status":"closed","template":"","meta":{"_ti_tpc_template_sync":false,"_ti_tpc_template_id":"","footnotes":""},"class_list":["post-409","page","type-page","status-publish","has-post-thumbnail","hentry"],"_links":{"self":[{"href":"https:\/\/www.isv-berlin.com\/index.php\/wp-json\/wp\/v2\/pages\/409","targetHints":{"allow":["GET"]}}],"collection":[{"href":"https:\/\/www.isv-berlin.com\/index.php\/wp-json\/wp\/v2\/pages"}],"about":[{"href":"https:\/\/www.isv-berlin.com\/index.php\/wp-json\/wp\/v2\/types\/page"}],"author":[{"embeddable":true,"href":"https:\/\/www.isv-berlin.com\/index.php\/wp-json\/wp\/v2\/users\/1"}],"replies":[{"embeddable":true,"href":"https:\/\/www.isv-berlin.com\/index.php\/wp-json\/wp\/v2\/comments?post=409"}],"version-history":[{"count":13,"href":"https:\/\/www.isv-berlin.com\/index.php\/wp-json\/wp\/v2\/pages\/409\/revisions"}],"predecessor-version":[{"id":534,"href":"https:\/\/www.isv-berlin.com\/index.php\/wp-json\/wp\/v2\/pages\/409\/revisions\/534"}],"wp:featuredmedia":[{"embeddable":true,"href":"https:\/\/www.isv-berlin.com\/index.php\/wp-json\/wp\/v2\/media\/263"}],"wp:attachment":[{"href":"https:\/\/www.isv-berlin.com\/index.php\/wp-json\/wp\/v2\/media?parent=409"}],"curies":[{"name":"wp","href":"https:\/\/api.w.org\/{rel}","templated":true}]}}