{"id":406,"date":"2021-03-18T18:00:01","date_gmt":"2021-03-18T18:00:01","guid":{"rendered":"https:\/\/www.isv-berlin.com\/?page_id=406"},"modified":"2021-03-23T12:37:51","modified_gmt":"2021-03-23T12:37:51","slug":"unternehmen","status":"publish","type":"page","link":"https:\/\/www.isv-berlin.com\/index.php\/unternehmen\/","title":{"rendered":"Unternehmen"},"content":{"rendered":"\t\t<div data-elementor-type=\"wp-page\" data-elementor-id=\"406\" class=\"elementor elementor-406\" data-elementor-settings=\"[]\">\n\t\t\t\t\t\t\t<div class=\"elementor-section-wrap\">\n\t\t\t\t\t\t\t<section class=\"elementor-section elementor-top-section elementor-element elementor-element-2a4bc604 elementor-section-boxed elementor-section-height-default elementor-section-height-default\" data-id=\"2a4bc604\" data-element_type=\"section\">\n\t\t\t\t\t\t<div class=\"elementor-container elementor-column-gap-default\">\n\t\t\t\t\t<div class=\"elementor-column elementor-col-100 elementor-top-column elementor-element elementor-element-ed3a1c4\" data-id=\"ed3a1c4\" data-element_type=\"column\">\n\t\t\t<div class=\"elementor-widget-wrap elementor-element-populated\">\n\t\t\t\t\t\t\t\t<div class=\"elementor-element elementor-element-6f1ddc35 elementor-widget elementor-widget-text-editor\" data-id=\"6f1ddc35\" data-element_type=\"widget\" data-widget_type=\"text-editor.default\">\n\t\t\t\t<div class=\"elementor-widget-container\">\n\t\t\t\t\t<div class=\"elementor-text-editor elementor-clearfix\"><h3><strong>Unternehmen<\/strong><\/h3>\r\n<h6><strong>Seit 1993 erstellen unsere Mitarbeiter als Dipl.-Ing. Schadengutachten und Fahrzeugbewertungen. Uns wurde damals schon bewusst, wie sehr die Kfz-Unfallgesch\u00e4digten mit ihren Sorgen um die Schadenregulierung allein gelassen werden.<\/strong><\/h6>\r\n<h6><strong>Durch die hochqualifizierte Ausbildung zu Kfz-Sachverst\u00e4ndigen k\u00f6nnen wir im Falle eines Kfz-Schadens mit unserem Kfz-Sachverstand zur Seite stehen. Als Berater und Sachverst\u00e4ndige unterst\u00fctzen wir Sie in allen Fragen der Schadenregulierung.<\/strong><\/h6>\r\n<h6><strong>Die qualitativ hochwertigen Dienstleistungen und der Service unseres Unternehmens geben Ihnen als Unfallgesch\u00e4digtem die Sicherheit, die Sie in dieser nervenaufreibenden Situation ben\u00f6tigen. Ganz egal, wo Sie sind: Von unserem Hauptsitz in Berlin aus erreichen wir Sie im gesamten Bundesgebiet und begutachten Ihr Fahrzeug.<\/strong><\/h6>\r\n<h6><strong>Unser Unternehmen hat den h\u00f6chsten Qualit\u00e4tsanspruch. Duch regelm\u00e4\u00dfige Schulungen und Weiterbildungsma\u00dfnahmen \u00a0bleiben wir immer auf dem neuesten Stand der Dinge rund um alle Spezialgebiete des Kfz-Sachverstandes.<\/strong><\/h6>\r\n<h6><strong>Sie werden von unseren Erfahrungen, unserem Wissen und vor allem unserem Sachverstand profitieren!<\/strong><\/h6>\r\n<h6><\/h6><\/div>\n\t\t\t\t<\/div>\n\t\t\t\t<\/div>\n\t\t\t\t\t<\/div>\n\t\t<\/div>\n\t\t\t\t\t\t\t<\/div>\n\t\t<\/section>\n\t\t\t\t<section class=\"elementor-section elementor-top-section elementor-element elementor-element-08a588e elementor-section-boxed elementor-section-height-default elementor-section-height-default\" data-id=\"08a588e\" data-element_type=\"section\">\n\t\t\t\t\t\t<div class=\"elementor-container elementor-column-gap-default\">\n\t\t\t\t\t<div class=\"elementor-column elementor-col-33 elementor-top-column elementor-element elementor-element-83a069b\" data-id=\"83a069b\" data-element_type=\"column\">\n\t\t\t<div class=\"elementor-widget-wrap elementor-element-populated\">\n\t\t\t\t\t\t\t\t<div class=\"elementor-element elementor-element-ae2ecfe elementor-widget elementor-widget-image\" data-id=\"ae2ecfe\" data-element_type=\"widget\" data-widget_type=\"image.default\">\n\t\t\t\t<div class=\"elementor-widget-container\">\n\t\t\t\t\t<div class=\"elementor-image\">\n\t\t\t\t\t\t\t\t\t\t<img loading=\"lazy\" decoding=\"async\" width=\"1024\" height=\"682\" src=\"https:\/\/www.isv-berlin.com\/wp-content\/uploads\/2021\/03\/cropped-pexels-kris-lucas-3264504-scaled-1-1024x682.jpg\" class=\"attachment-large size-large\" alt=\"\" srcset=\"https:\/\/www.isv-berlin.com\/wp-content\/uploads\/2021\/03\/cropped-pexels-kris-lucas-3264504-scaled-1-1024x682.jpg 1024w, https:\/\/www.isv-berlin.com\/wp-content\/uploads\/2021\/03\/cropped-pexels-kris-lucas-3264504-scaled-1-300x200.jpg 300w, https:\/\/www.isv-berlin.com\/wp-content\/uploads\/2021\/03\/cropped-pexels-kris-lucas-3264504-scaled-1-768x511.jpg 768w, https:\/\/www.isv-berlin.com\/wp-content\/uploads\/2021\/03\/cropped-pexels-kris-lucas-3264504-scaled-1-1536x1023.jpg 1536w, https:\/\/www.isv-berlin.com\/wp-content\/uploads\/2021\/03\/cropped-pexels-kris-lucas-3264504-scaled-1-1622x1080.jpg 1622w, https:\/\/www.isv-berlin.com\/wp-content\/uploads\/2021\/03\/cropped-pexels-kris-lucas-3264504-scaled-1.jpg 1828w\" sizes=\"auto, (max-width: 1024px) 100vw, 1024px\" \/>\t\t\t\t\t\t\t\t\t\t\t<\/div>\n\t\t\t\t<\/div>\n\t\t\t\t<\/div>\n\t\t\t\t\t<\/div>\n\t\t<\/div>\n\t\t\t\t<div class=\"elementor-column elementor-col-33 elementor-top-column elementor-element elementor-element-0ea3991\" data-id=\"0ea3991\" data-element_type=\"column\">\n\t\t\t<div class=\"elementor-widget-wrap elementor-element-populated\">\n\t\t\t\t\t\t\t\t<div class=\"elementor-element elementor-element-26a5f51 elementor-widget elementor-widget-image\" data-id=\"26a5f51\" data-element_type=\"widget\" data-widget_type=\"image.default\">\n\t\t\t\t<div class=\"elementor-widget-container\">\n\t\t\t\t\t<div class=\"elementor-image\">\n\t\t\t\t\t\t\t\t\t\t<img loading=\"lazy\" decoding=\"async\" width=\"359\" height=\"240\" src=\"https:\/\/www.isv-berlin.com\/wp-content\/uploads\/2021\/03\/WhatsApp-Image-2021-03-19-at-10.56.19-1.jpeg\" class=\"attachment-large size-large\" alt=\"\" srcset=\"https:\/\/www.isv-berlin.com\/wp-content\/uploads\/2021\/03\/WhatsApp-Image-2021-03-19-at-10.56.19-1.jpeg 359w, https:\/\/www.isv-berlin.com\/wp-content\/uploads\/2021\/03\/WhatsApp-Image-2021-03-19-at-10.56.19-1-300x201.jpeg 300w\" sizes=\"auto, (max-width: 359px) 100vw, 359px\" \/>\t\t\t\t\t\t\t\t\t\t\t<\/div>\n\t\t\t\t<\/div>\n\t\t\t\t<\/div>\n\t\t\t\t\t<\/div>\n\t\t<\/div>\n\t\t\t\t<div class=\"elementor-column elementor-col-33 elementor-top-column elementor-element elementor-element-6df3dc1\" data-id=\"6df3dc1\" data-element_type=\"column\">\n\t\t\t<div class=\"elementor-widget-wrap elementor-element-populated\">\n\t\t\t\t\t\t\t\t<div class=\"elementor-element elementor-element-b8c3ae6 elementor-widget elementor-widget-image\" data-id=\"b8c3ae6\" data-element_type=\"widget\" data-widget_type=\"image.default\">\n\t\t\t\t<div class=\"elementor-widget-container\">\n\t\t\t\t\t<div class=\"elementor-image\">\n\t\t\t\t\t\t\t\t\t\t<img loading=\"lazy\" decoding=\"async\" width=\"1024\" height=\"678\" src=\"https:\/\/www.isv-berlin.com\/wp-content\/uploads\/2021\/03\/pexels-sarmad-mughal-305070-1024x678.jpg\" class=\"attachment-large size-large\" alt=\"\" srcset=\"https:\/\/www.isv-berlin.com\/wp-content\/uploads\/2021\/03\/pexels-sarmad-mughal-305070-1024x678.jpg 1024w, https:\/\/www.isv-berlin.com\/wp-content\/uploads\/2021\/03\/pexels-sarmad-mughal-305070-300x199.jpg 300w, https:\/\/www.isv-berlin.com\/wp-content\/uploads\/2021\/03\/pexels-sarmad-mughal-305070-768x509.jpg 768w, https:\/\/www.isv-berlin.com\/wp-content\/uploads\/2021\/03\/pexels-sarmad-mughal-305070-1536x1017.jpg 1536w, https:\/\/www.isv-berlin.com\/wp-content\/uploads\/2021\/03\/pexels-sarmad-mughal-305070-2048x1356.jpg 2048w, https:\/\/www.isv-berlin.com\/wp-content\/uploads\/2021\/03\/pexels-sarmad-mughal-305070-1631x1080.jpg 1631w\" sizes=\"auto, (max-width: 1024px) 100vw, 1024px\" \/>\t\t\t\t\t\t\t\t\t\t\t<\/div>\n\t\t\t\t<\/div>\n\t\t\t\t<\/div>\n\t\t\t\t\t<\/div>\n\t\t<\/div>\n\t\t\t\t\t\t\t<\/div>\n\t\t<\/section>\n\t\t\t\t\t\t<\/div>\n\t\t\t\t\t<\/div>\n\t\t","protected":false},"excerpt":{"rendered":"<p>Unternehmen Seit 1993 erstellen unsere Mitarbeiter als Dipl.-Ing. Schadengutachten und Fahrzeugbewertungen. Uns wurde damals schon bewusst, wie sehr die Kfz-Unfallgesch\u00e4digten mit ihren Sorgen um die Schadenregulierung allein gelassen werden. Durch die hochqualifizierte Ausbildung zu Kfz-Sachverst\u00e4ndigen k\u00f6nnen wir im Falle eines Kfz-Schadens mit unserem Kfz-Sachverstand zur Seite stehen. Als Berater und Sachverst\u00e4ndige unterst\u00fctzen wir Sie in&hellip; <br \/> <a class=\"read-more\" href=\"https:\/\/www.isv-berlin.com\/index.php\/unternehmen\/\">Weiterlesen<\/a><\/p>\n","protected":false},"author":1,"featured_media":263,"parent":0,"menu_order":0,"comment_status":"closed","ping_status":"closed","template":"","meta":{"_ti_tpc_template_sync":false,"_ti_tpc_template_id":"","footnotes":""},"class_list":["post-406","page","type-page","status-publish","has-post-thumbnail","hentry"],"_links":{"self":[{"href":"https:\/\/www.isv-berlin.com\/index.php\/wp-json\/wp\/v2\/pages\/406","targetHints":{"allow":["GET"]}}],"collection":[{"href":"https:\/\/www.isv-berlin.com\/index.php\/wp-json\/wp\/v2\/pages"}],"about":[{"href":"https:\/\/www.isv-berlin.com\/index.php\/wp-json\/wp\/v2\/types\/page"}],"author":[{"embeddable":true,"href":"https:\/\/www.isv-berlin.com\/index.php\/wp-json\/wp\/v2\/users\/1"}],"replies":[{"embeddable":true,"href":"https:\/\/www.isv-berlin.com\/index.php\/wp-json\/wp\/v2\/comments?post=406"}],"version-history":[{"count":5,"href":"https:\/\/www.isv-berlin.com\/index.php\/wp-json\/wp\/v2\/pages\/406\/revisions"}],"predecessor-version":[{"id":519,"href":"https:\/\/www.isv-berlin.com\/index.php\/wp-json\/wp\/v2\/pages\/406\/revisions\/519"}],"wp:featuredmedia":[{"embeddable":true,"href":"https:\/\/www.isv-berlin.com\/index.php\/wp-json\/wp\/v2\/media\/263"}],"wp:attachment":[{"href":"https:\/\/www.isv-berlin.com\/index.php\/wp-json\/wp\/v2\/media?parent=406"}],"curies":[{"name":"wp","href":"https:\/\/api.w.org\/{rel}","templated":true}]}}