{"id":355,"date":"2021-03-18T14:59:33","date_gmt":"2021-03-18T14:59:33","guid":{"rendered":"https:\/\/www.isv-berlin.com\/?page_id=355"},"modified":"2021-03-24T13:29:49","modified_gmt":"2021-03-24T13:29:49","slug":"impressum","status":"publish","type":"page","link":"https:\/\/www.isv-berlin.com\/index.php\/impressum\/","title":{"rendered":"Impressum"},"content":{"rendered":"\t\t<div data-elementor-type=\"wp-page\" data-elementor-id=\"355\" class=\"elementor elementor-355\" data-elementor-settings=\"[]\">\n\t\t\t\t\t\t\t<div class=\"elementor-section-wrap\">\n\t\t\t\t\t\t\t<section class=\"elementor-section elementor-top-section elementor-element elementor-element-1949140c elementor-section-boxed elementor-section-height-default elementor-section-height-default\" data-id=\"1949140c\" data-element_type=\"section\">\n\t\t\t\t\t\t<div class=\"elementor-container elementor-column-gap-default\">\n\t\t\t\t\t<div class=\"elementor-column elementor-col-100 elementor-top-column elementor-element elementor-element-ede71ce\" data-id=\"ede71ce\" data-element_type=\"column\">\n\t\t\t<div class=\"elementor-widget-wrap elementor-element-populated\">\n\t\t\t\t\t\t\t\t<div class=\"elementor-element elementor-element-4e5f557b elementor-widget elementor-widget-text-editor\" data-id=\"4e5f557b\" data-element_type=\"widget\" data-widget_type=\"text-editor.default\">\n\t\t\t\t<div class=\"elementor-widget-container\">\n\t\t\t\t\t<div class=\"elementor-text-editor elementor-clearfix\"><h4><strong>Impressum<\/strong><br \/><br \/><strong>Angaben gem\u00e4\u00df \u00a7 5 TMG<\/strong><br \/><br \/>ISV GmbH, Ing. &#8211; &amp; Sachverst\u00e4ndigenb\u00fcro<br \/>Hauptstr. 56<br \/>10826 Berlin<br \/><br \/>Handelsregister: HRB 120871 B<br \/>Registergericht: Amtsgericht Berlin Charlottenburg<br \/>Gesch\u00e4ftsf\u00fcher: Matthias Elitok<br \/><br \/><strong>Kontakt<\/strong><br \/><br \/>Telefon: +49 (0) 30 216 76 00<br \/>Telefax: +49 (0) 30 215 53 13<br \/>E-Mail: info@isv-berlin.com<br \/><br \/><strong>Umsatzsteuer-ID<\/strong><br \/><br \/>Umsatzsteuer-Identifikationsnummer gem\u00e4\u00df \u00a7 27 a Umsatzsteuergesetz:<br \/>DE265347906<br \/><br \/><strong>Verbraucher\u00adstreit\u00adbeilegung\/Universal\u00adschlichtungs\u00adstelle<\/strong><br \/><br \/>Wir sind nicht bereit oder verpflichtet, an Streitbeilegungsverfahren vor einer Verbraucherschlichtungsstelle teilzunehmen.<br \/><br \/><strong>Haftung f\u00fcr Inhalte<\/strong><br \/><br \/>Als Diensteanbieter sind wir gem\u00e4\u00df \u00a7 7 Abs.1 TMG f\u00fcr eigene Inhalte auf diesen Seiten nach den allgemeinen Gesetzen verantwortlich. Nach \u00a7\u00a7 8 bis 10 TMG sind wir als Diensteanbieter jedoch nicht verpflichtet, \u00fcbermittelte oder gespeicherte fremde Informationen zu \u00fcberwachen oder nach Umst\u00e4nden zu forschen, die auf eine rechtswidrige T\u00e4tigkeit hinweisen.<br \/><br \/>Verpflichtungen zur Entfernung oder Sperrung der Nutzung von Informationen nach den allgemeinen Gesetzen bleiben hiervon unber\u00fchrt. Eine diesbez\u00fcgliche Haftung ist jedoch erst ab dem Zeitpunkt der Kenntnis einer konkreten Rechtsverletzung m\u00f6glich. Bei Bekanntwerden von entsprechenden Rechtsverletzungen werden wir diese Inhalte umgehend entfernen.<br \/><br \/><strong>Haftung f\u00fcr Links<\/strong><br \/><br \/>Unser Angebot enth\u00e4lt Links zu externen Websites Dritter, auf deren Inhalte wir keinen Einfluss haben. Deshalb k\u00f6nnen wir f\u00fcr diese fremden Inhalte auch keine Gew\u00e4hr \u00fcbernehmen. F\u00fcr die Inhalte der verlinkten Seiten ist stets der jeweilige Anbieter oder Betreiber der Seiten verantwortlich. Die verlinkten Seiten wurden zum Zeitpunkt der Verlinkung auf m\u00f6gliche Rechtsverst\u00f6\u00dfe \u00fcberpr\u00fcft. Rechtswidrige Inhalte waren zum Zeitpunkt der Verlinkung nicht erkennbar.<br \/><br \/>Eine permanente inhaltliche Kontrolle der verlinkten Seiten ist jedoch ohne konkrete Anhaltspunkte einer Rechtsverletzung nicht zumutbar. Bei Bekanntwerden von Rechtsverletzungen werden wir derartige Links umgehend entfernen.<br \/><br \/><strong>Urheberrecht<\/strong><br \/><br \/>Die durch die Seitenbetreiber erstellten Inhalte und Werke auf diesen Seiten unterliegen dem deutschen Urheberrecht. Die Vervielf\u00e4ltigung, Bearbeitung, Verbreitung und jede Art der Verwertung au\u00dferhalb der Grenzen des Urheberrechtes bed\u00fcrfen der schriftlichen Zustimmung des jeweiligen Autors bzw. Erstellers. Downloads und Kopien dieser Seite sind nur f\u00fcr den privaten, nicht kommerziellen Gebrauch gestattet.<br \/><br \/>Soweit die Inhalte auf dieser Seite nicht vom Betreiber erstellt wurden, werden die Urheberrechte Dritter beachtet. Insbesondere werden Inhalte Dritter als solche gekennzeichnet. Sollten Sie trotzdem auf eine Urheberrechtsverletzung aufmerksam werden, bitten wir um einen entsprechenden Hinweis. Bei Bekanntwerden von Rechtsverletzungen werden wir derartige Inhalte umgehend entfernen.<br \/><br \/>Quelle: <a href=\"https:\/\/www.e-recht24.de\/impressum-generator.html\">https:\/\/www.e-recht24.de\/impressum-generator.html<\/a><\/h4><\/div>\n\t\t\t\t<\/div>\n\t\t\t\t<\/div>\n\t\t\t\t\t<\/div>\n\t\t<\/div>\n\t\t\t\t\t\t\t<\/div>\n\t\t<\/section>\n\t\t\t\t\t\t<\/div>\n\t\t\t\t\t<\/div>\n\t\t","protected":false},"excerpt":{"rendered":"<p>Impressum Angaben gem\u00e4\u00df \u00a7 5 TMG ISV GmbH, Ing. &#8211; &amp; Sachverst\u00e4ndigenb\u00fcroHauptstr. 5610826 Berlin Handelsregister: HRB 120871 BRegistergericht: Amtsgericht Berlin CharlottenburgGesch\u00e4ftsf\u00fcher: Matthias Elitok Kontakt Telefon: +49 (0) 30 216 76 00Telefax: +49 (0) 30 215 53 13E-Mail: info@isv-berlin.com Umsatzsteuer-ID Umsatzsteuer-Identifikationsnummer gem\u00e4\u00df \u00a7 27 a Umsatzsteuergesetz:DE265347906 Verbraucher\u00adstreit\u00adbeilegung\/Universal\u00adschlichtungs\u00adstelle Wir sind nicht bereit oder verpflichtet, an Streitbeilegungsverfahren vor&hellip; <br \/> <a class=\"read-more\" href=\"https:\/\/www.isv-berlin.com\/index.php\/impressum\/\">Weiterlesen<\/a><\/p>\n","protected":false},"author":1,"featured_media":263,"parent":0,"menu_order":0,"comment_status":"closed","ping_status":"closed","template":"","meta":{"_ti_tpc_template_sync":false,"_ti_tpc_template_id":"","footnotes":""},"class_list":["post-355","page","type-page","status-publish","has-post-thumbnail","hentry"],"_links":{"self":[{"href":"https:\/\/www.isv-berlin.com\/index.php\/wp-json\/wp\/v2\/pages\/355","targetHints":{"allow":["GET"]}}],"collection":[{"href":"https:\/\/www.isv-berlin.com\/index.php\/wp-json\/wp\/v2\/pages"}],"about":[{"href":"https:\/\/www.isv-berlin.com\/index.php\/wp-json\/wp\/v2\/types\/page"}],"author":[{"embeddable":true,"href":"https:\/\/www.isv-berlin.com\/index.php\/wp-json\/wp\/v2\/users\/1"}],"replies":[{"embeddable":true,"href":"https:\/\/www.isv-berlin.com\/index.php\/wp-json\/wp\/v2\/comments?post=355"}],"version-history":[{"count":11,"href":"https:\/\/www.isv-berlin.com\/index.php\/wp-json\/wp\/v2\/pages\/355\/revisions"}],"predecessor-version":[{"id":589,"href":"https:\/\/www.isv-berlin.com\/index.php\/wp-json\/wp\/v2\/pages\/355\/revisions\/589"}],"wp:featuredmedia":[{"embeddable":true,"href":"https:\/\/www.isv-berlin.com\/index.php\/wp-json\/wp\/v2\/media\/263"}],"wp:attachment":[{"href":"https:\/\/www.isv-berlin.com\/index.php\/wp-json\/wp\/v2\/media?parent=355"}],"curies":[{"name":"wp","href":"https:\/\/api.w.org\/{rel}","templated":true}]}}